{"id":149,"date":"2024-01-14T13:49:08","date_gmt":"2024-01-14T12:49:08","guid":{"rendered":"https:\/\/antje-buell.de\/?page_id=149"},"modified":"2026-01-06T22:06:37","modified_gmt":"2026-01-06T21:06:37","slug":"antje-buell-journalistin-regisseurin","status":"publish","type":"page","link":"https:\/\/antje-buell.de\/","title":{"rendered":"Antje B\u00fcll &#8211; Journalistin\/Regisseurin aus Hamburg"},"content":{"rendered":"\n<p class=\"has-large-font-size\"><strong>Beitr\u00e4ge mit Gewicht<\/strong><\/p>\n\n\n\n<p>In meinen Dokumentationen und Reportagen berichte ich \u00fcber Hintergr\u00fcnde und gesellschaftlich relevante Themen.&nbsp; Mein Anliegen ist es, nicht zu polarisieren, sondern aufzuzeigen, welche Umst\u00e4nde zu einer bestimmten Situation f\u00fchren. Dabei stehen Menschen im Mittelpunkt, die aus ihrem ganz pers\u00f6nlichen Umfeld heraus \u00fcber ihre Erfahrungen, einen Missstand oder ein Problem berichten. Meine Filme zeichnen sich durch eine besondere N\u00e4he zu diesen Menschen aus. Als Wissenschaftsjournalistin k\u00fcmmere ich mich schwerpunktm\u00e4\u00dfig um medizinische und gesundheitspolitische Themen. Ich arbeite als freie Regisseurin f\u00fcr ARD, NDR, WDR, ARTE, DW. Bedingt durch meine vielen Auslandsreisen f\u00fcr Filmprojekte verschiedener Hilfsprojekte, hat sich mein Themenspektrum auf Auslands-Reportagen und -Dokumentationen erweitert. <\/p>\n\n\n\n<p>Kontakt: mail@antje-buell.de<\/p>\n\n\n\n<h2 class=\"wp-block-heading\">Aktuelle Beitr\u00e4ge<\/h2>\n\n\n\n<div class=\"wp-block-columns is-layout-flex wp-container-core-columns-is-layout-1 wp-block-columns-is-layout-flex\">\n<div class=\"wp-block-column is-layout-flow wp-block-column-is-layout-flow\">\n<figure class=\"wp-block-image size-large\"><a href=\"https:\/\/www.ardmediathek.de\/video\/45-min\/wie-wollen-wir-sterben\/ndr\/Y3JpZDovL25kci5kZS9wcm9wbGFuXzE5NjM0MDkwNF9nYW56ZVNlbmR1bmc\"><img loading=\"lazy\" decoding=\"async\" width=\"1024\" height=\"578\" src=\"https:\/\/antje-buell.de\/wp-content\/uploads\/2024\/01\/Bild_2024-01-27_133812993-1024x578.png\" alt=\"\" class=\"wp-image-209\" srcset=\"https:\/\/antje-buell.de\/wp-content\/uploads\/2024\/01\/Bild_2024-01-27_133812993-1024x578.png 1024w, https:\/\/antje-buell.de\/wp-content\/uploads\/2024\/01\/Bild_2024-01-27_133812993-300x169.png 300w, https:\/\/antje-buell.de\/wp-content\/uploads\/2024\/01\/Bild_2024-01-27_133812993-768x433.png 768w, https:\/\/antje-buell.de\/wp-content\/uploads\/2024\/01\/Bild_2024-01-27_133812993-106x60.png 106w, https:\/\/antje-buell.de\/wp-content\/uploads\/2024\/01\/Bild_2024-01-27_133812993-840x473.png 840w, https:\/\/antje-buell.de\/wp-content\/uploads\/2024\/01\/Bild_2024-01-27_133812993.png 1280w\" sizes=\"auto, (max-width: 1024px) 100vw, 1024px\" \/><\/a><figcaption class=\"wp-element-caption\"><a href=\"https:\/\/www.ardmediathek.de\/video\/45-min\/wie-wollen-wir-sterben\/ndr\/Y3JpZDovL25kci5kZS9wcm9wbGFuXzE5NjM0MDkwNF9nYW56ZVNlbmR1bmc\">Wie wollen wir sterben? | NDR, 45 Min, 2023<\/a><\/figcaption><\/figure>\n<\/div>\n\n\n\n<div class=\"wp-block-column is-layout-flow wp-block-column-is-layout-flow\">\n<figure class=\"wp-block-image size-large\"><a href=\"https:\/\/www.3sat.de\/dokumentation\/reise\/abenteuer-spanien3-104.html\"><img loading=\"lazy\" decoding=\"async\" width=\"1024\" height=\"575\" src=\"https:\/\/antje-buell.de\/wp-content\/uploads\/2024\/01\/Spanien-1024x575.jpg\" alt=\"\" class=\"wp-image-207\" srcset=\"https:\/\/antje-buell.de\/wp-content\/uploads\/2024\/01\/Spanien-1024x575.jpg 1024w, https:\/\/antje-buell.de\/wp-content\/uploads\/2024\/01\/Spanien-300x169.jpg 300w, https:\/\/antje-buell.de\/wp-content\/uploads\/2024\/01\/Spanien-768x431.jpg 768w, https:\/\/antje-buell.de\/wp-content\/uploads\/2024\/01\/Spanien-107x60.jpg 107w, https:\/\/antje-buell.de\/wp-content\/uploads\/2024\/01\/Spanien-840x473.jpg 840w, https:\/\/antje-buell.de\/wp-content\/uploads\/2024\/01\/Spanien.jpg 1198w\" sizes=\"auto, (max-width: 1024px) 100vw, 1024px\" \/><\/a><figcaption class=\"wp-element-caption\"><a href=\"https:\/\/www.3sat.de\/dokumentation\/reise\/abenteuer-spanien3-104.html\" data-type=\"link\" data-id=\"https:\/\/www.3sat.de\/dokumentation\/reise\/abenteuer-spanien3-104.html\">Abenteuer Spanien (3\/4) &#8211; Der gr\u00fcne Norden | arte, Entdeckung, 2023<\/a><\/figcaption><\/figure>\n<\/div>\n\n\n\n<div class=\"wp-block-column is-layout-flow wp-block-column-is-layout-flow\">\n<figure class=\"wp-block-image size-large\"><a href=\"https:\/\/www.ardmediathek.de\/video\/Y3JpZDovL25kci5kZS8xMzkxXzIwMjItMDMtMDctMjItMDA\"><img loading=\"lazy\" decoding=\"async\" width=\"1024\" height=\"579\" src=\"https:\/\/antje-buell.de\/wp-content\/uploads\/2024\/01\/Bild_2024-01-27_133016911-1024x579.png\" alt=\"\" class=\"wp-image-208\" srcset=\"https:\/\/antje-buell.de\/wp-content\/uploads\/2024\/01\/Bild_2024-01-27_133016911-1024x579.png 1024w, https:\/\/antje-buell.de\/wp-content\/uploads\/2024\/01\/Bild_2024-01-27_133016911-300x170.png 300w, https:\/\/antje-buell.de\/wp-content\/uploads\/2024\/01\/Bild_2024-01-27_133016911-768x434.png 768w, https:\/\/antje-buell.de\/wp-content\/uploads\/2024\/01\/Bild_2024-01-27_133016911-106x60.png 106w, https:\/\/antje-buell.de\/wp-content\/uploads\/2024\/01\/Bild_2024-01-27_133016911.png 1280w\" sizes=\"auto, (max-width: 1024px) 100vw, 1024px\" \/><\/a><figcaption class=\"wp-element-caption\"><a href=\"https:\/\/www.ardmediathek.de\/video\/Y3JpZDovL25kci5kZS8xMzkxXzIwMjItMDMtMDctMjItMDA\" data-type=\"link\" data-id=\"https:\/\/www.ardmediathek.de\/video\/Y3JpZDovL25kci5kZS8xMzkxXzIwMjItMDMtMDctMjItMDA\">Alkohol: Erfolgreiche Frauen und die Sucht | NDR, 45 Min, 2023<\/a><\/figcaption><\/figure>\n<\/div>\n<\/div>\n\n\n\n<div class=\"wp-block-columns is-layout-flex wp-container-core-columns-is-layout-2 wp-block-columns-is-layout-flex\">\n<div class=\"wp-block-column is-layout-flow wp-block-column-is-layout-flow\">\n<figure class=\"wp-block-image size-full\"><a href=\"https:\/\/www.ardmediathek.de\/video\/die-story\/das-virus-und-unsere-freiheit-eine-corona-bilanz\/wdr\/Y3JpZDovL3dkci5kZS9CZWl0cmFnLXNvcGhvcmEtMGYyOTgwOGEtNWExNS00Y2VkLTg1NmYtNmYwZWMxYmNmY2Zh\"><img loading=\"lazy\" decoding=\"async\" width=\"650\" height=\"368\" src=\"http:\/\/antje-buell.de\/wp-content\/uploads\/2024\/01\/WDR-Corona-Bilanz2.jpg\" alt=\"\" class=\"wp-image-178\" srcset=\"https:\/\/antje-buell.de\/wp-content\/uploads\/2024\/01\/WDR-Corona-Bilanz2.jpg 650w, https:\/\/antje-buell.de\/wp-content\/uploads\/2024\/01\/WDR-Corona-Bilanz2-300x170.jpg 300w, https:\/\/antje-buell.de\/wp-content\/uploads\/2024\/01\/WDR-Corona-Bilanz2-106x60.jpg 106w\" sizes=\"auto, (max-width: 650px) 100vw, 650px\" \/><\/a><figcaption class=\"wp-element-caption\"><a href=\"https:\/\/www.ardmediathek.de\/video\/die-story\/das-virus-und-unsere-freiheit-eine-corona-bilanz\/wdr\/Y3JpZDovL3dkci5kZS9CZWl0cmFnLXNvcGhvcmEtMGYyOTgwOGEtNWExNS00Y2VkLTg1NmYtNmYwZWMxYmNmY2Zh\">Das Virus und unsere Freiheit &#8211; Eine Corona-Bilanz | WDR, Die Story, 2024<\/a><\/figcaption><\/figure>\n<\/div>\n\n\n\n<div class=\"wp-block-column is-layout-flow wp-block-column-is-layout-flow\">\n<figure class=\"wp-block-image size-full\"><a href=\"https:\/\/www.ardmediathek.de\/video\/45-min\/organspende-jetzt-reden-die-aerzte\/ndr\/Y3JpZDovL25kci5kZS9lYWU2ODVjNS00YzE5LTRjYTctYTY2Ny02ZjExNDU1YmEwZmY\"><img loading=\"lazy\" decoding=\"async\" width=\"404\" height=\"228\" src=\"https:\/\/antje-buell.de\/wp-content\/uploads\/2024\/01\/Organspende.jpg\" alt=\"\" class=\"wp-image-204\" srcset=\"https:\/\/antje-buell.de\/wp-content\/uploads\/2024\/01\/Organspende.jpg 404w, https:\/\/antje-buell.de\/wp-content\/uploads\/2024\/01\/Organspende-300x169.jpg 300w, https:\/\/antje-buell.de\/wp-content\/uploads\/2024\/01\/Organspende-106x60.jpg 106w\" sizes=\"auto, (max-width: 404px) 100vw, 404px\" \/><\/a><figcaption class=\"wp-element-caption\"><a href=\"https:\/\/www.youtube.com\/watch?v=ayoWyjEhG98\" data-type=\"link\" data-id=\"https:\/\/www.ardmediathek.de\/video\/45-min\/organspende-jetzt-reden-die-aerzte\/ndr\/Y3JpZDovL25kci5kZS9lYWU2ODVjNS00YzE5LTRjYTctYTY2Ny02ZjExNDU1YmEwZmY\">Organspende: Jetzt reden die \u00c4rzte | NDR, 45 Min, 2020<\/a><br><\/figcaption><\/figure>\n<\/div>\n\n\n\n<div class=\"wp-block-column is-layout-flow wp-block-column-is-layout-flow\">\n<figure class=\"wp-block-image size-large\"><a href=\"https:\/\/www.ardmediathek.de\/video\/Y3JpZDovL25kci5kZS8xMzkxXzIwMjEtMDItMjItMjItMTU\"><img loading=\"lazy\" decoding=\"async\" width=\"1024\" height=\"577\" src=\"https:\/\/antje-buell.de\/wp-content\/uploads\/2024\/01\/wenn-Symptome-bleiben-1024x577.png\" alt=\"\n\" class=\"wp-image-203\" srcset=\"https:\/\/antje-buell.de\/wp-content\/uploads\/2024\/01\/wenn-Symptome-bleiben-1024x577.png 1024w, https:\/\/antje-buell.de\/wp-content\/uploads\/2024\/01\/wenn-Symptome-bleiben-300x169.png 300w, https:\/\/antje-buell.de\/wp-content\/uploads\/2024\/01\/wenn-Symptome-bleiben-768x433.png 768w, https:\/\/antje-buell.de\/wp-content\/uploads\/2024\/01\/wenn-Symptome-bleiben-106x60.png 106w, https:\/\/antje-buell.de\/wp-content\/uploads\/2024\/01\/wenn-Symptome-bleiben-840x473.png 840w, https:\/\/antje-buell.de\/wp-content\/uploads\/2024\/01\/wenn-Symptome-bleiben.png 1281w\" sizes=\"auto, (max-width: 1024px) 100vw, 1024px\" \/><\/a><figcaption class=\"wp-element-caption\"><a href=\"https:\/\/www.ardmediathek.de\/video\/Y3JpZDovL25kci5kZS8xMzkxXzIwMjEtMDItMjItMjItMTU\" data-type=\"link\" data-id=\"https:\/\/www.ardmediathek.de\/video\/Y3JpZDovL25kci5kZS8xMzkxXzIwMjEtMDItMjItMjItMTU\">R\u00e4tsel Corona: Wenn die Symptome bleiben | NDR, 45 Min, 2022<\/a><\/figcaption><\/figure>\n<\/div>\n<\/div>\n\n\n\n<div class=\"wp-block-columns is-layout-flex wp-container-core-columns-is-layout-3 wp-block-columns-is-layout-flex\">\n<div class=\"wp-block-column is-layout-flow wp-block-column-is-layout-flow\">\n<figure class=\"wp-block-image size-large\"><a href=\"https:\/\/www.arte.tv\/de\/videos\/120877-001-A\/re-lachskrise-in-norwegen\/\"><img loading=\"lazy\" decoding=\"async\" width=\"1024\" height=\"576\" src=\"http:\/\/antje-buell.de\/wp-content\/uploads\/2025\/03\/Lachskrise-in-NO2-1-1024x576.jpg\" alt=\"\" class=\"wp-image-274\" srcset=\"https:\/\/antje-buell.de\/wp-content\/uploads\/2025\/03\/Lachskrise-in-NO2-1-1024x576.jpg 1024w, https:\/\/antje-buell.de\/wp-content\/uploads\/2025\/03\/Lachskrise-in-NO2-1-300x169.jpg 300w, https:\/\/antje-buell.de\/wp-content\/uploads\/2025\/03\/Lachskrise-in-NO2-1-768x432.jpg 768w, https:\/\/antje-buell.de\/wp-content\/uploads\/2025\/03\/Lachskrise-in-NO2-1-107x60.jpg 107w, https:\/\/antje-buell.de\/wp-content\/uploads\/2025\/03\/Lachskrise-in-NO2-1-840x473.jpg 840w, https:\/\/antje-buell.de\/wp-content\/uploads\/2025\/03\/Lachskrise-in-NO2-1.jpg 1220w\" sizes=\"auto, (max-width: 1024px) 100vw, 1024px\" \/><\/a><figcaption class=\"wp-element-caption\"><a href=\"https:\/\/www.arte.tv\/de\/videos\/120877-001-A\/re-lachskrise-in-norwegen\/\">Lachskrise in Norwegen | ArteRe, 2025<\/a><\/figcaption><\/figure>\n<\/div>\n\n\n\n<div class=\"wp-block-column is-layout-flow wp-block-column-is-layout-flow\">\n<figure class=\"wp-block-image size-large\"><a href=\"https:\/\/www.ardmediathek.de\/video\/ndr-story\/hilfe-mein-krankenhaus-stirbt-was-bringt-die-reform\/ndr\/Y3JpZDovL25kci5kZS9wcm9wbGFuXzE5NjM0ODMzNl9nYW56ZVNlbmR1bmc\"><img loading=\"lazy\" decoding=\"async\" width=\"1024\" height=\"581\" src=\"http:\/\/antje-buell.de\/wp-content\/uploads\/2025\/03\/Hilfe-mein-Krankenhaus-stirbt-1024x581.jpg\" alt=\"\" class=\"wp-image-281\" srcset=\"https:\/\/antje-buell.de\/wp-content\/uploads\/2025\/03\/Hilfe-mein-Krankenhaus-stirbt-1024x581.jpg 1024w, https:\/\/antje-buell.de\/wp-content\/uploads\/2025\/03\/Hilfe-mein-Krankenhaus-stirbt-300x170.jpg 300w, https:\/\/antje-buell.de\/wp-content\/uploads\/2025\/03\/Hilfe-mein-Krankenhaus-stirbt-768x436.jpg 768w, https:\/\/antje-buell.de\/wp-content\/uploads\/2025\/03\/Hilfe-mein-Krankenhaus-stirbt-106x60.jpg 106w, https:\/\/antje-buell.de\/wp-content\/uploads\/2025\/03\/Hilfe-mein-Krankenhaus-stirbt.jpg 1282w\" sizes=\"auto, (max-width: 1024px) 100vw, 1024px\" \/><\/a><figcaption class=\"wp-element-caption\"><a href=\"https:\/\/www.ardmediathek.de\/video\/ndr-story\/hilfe-mein-krankenhaus-stirbt-was-bringt-die-reform\/ndr\/Y3JpZDovL25kci5kZS9wcm9wbGFuXzE5NjM0ODMzNl9nYW56ZVNlbmR1bmc\">Hilfe, mein Krankenhaus stirbt! Was bringt die Reform | NDR, Story, 2024<\/a><\/figcaption><\/figure>\n<\/div>\n\n\n\n<div class=\"wp-block-column is-layout-flow wp-block-column-is-layout-flow\"><\/div>\n<\/div>\n\n\n\n<h2 class=\"wp-block-heading\"><strong>Eigene Filmproduktionen<\/strong><\/h2>\n\n\n\n<div class=\"wp-block-columns is-layout-flex wp-container-core-columns-is-layout-4 wp-block-columns-is-layout-flex\">\n<div class=\"wp-block-column is-layout-flow wp-block-column-is-layout-flow\">\n<figure class=\"wp-block-image size-full\"><a href=\"https:\/\/www.youtube.com\/watch?v=VKkrSN9Gr6E\"><img loading=\"lazy\" decoding=\"async\" width=\"436\" height=\"256\" src=\"http:\/\/antje-buell.de\/wp-content\/uploads\/2025\/03\/Der-Weg-zum-Wasser2.jpg\" alt=\"\" class=\"wp-image-288\" srcset=\"https:\/\/antje-buell.de\/wp-content\/uploads\/2025\/03\/Der-Weg-zum-Wasser2.jpg 436w, https:\/\/antje-buell.de\/wp-content\/uploads\/2025\/03\/Der-Weg-zum-Wasser2-300x176.jpg 300w, https:\/\/antje-buell.de\/wp-content\/uploads\/2025\/03\/Der-Weg-zum-Wasser2-102x60.jpg 102w\" sizes=\"auto, (max-width: 436px) 100vw, 436px\" \/><\/a><figcaption class=\"wp-element-caption\"><a href=\"https:\/\/www.youtube.com\/watch?v=VKkrSN9Gr6E\">Der Weg zum Wasser | Kenia, 2023<\/a><\/figcaption><\/figure>\n<\/div>\n\n\n\n<div class=\"wp-block-column is-layout-flow wp-block-column-is-layout-flow\">\n<figure class=\"wp-block-image size-full\"><a href=\"https:\/\/www.youtube.com\/watch?v=gmn-soWuT-I\"><img loading=\"lazy\" decoding=\"async\" width=\"1166\" height=\"651\" src=\"http:\/\/antje-buell.de\/wp-content\/uploads\/2025\/03\/schoko1-2.jpg\" alt=\"\" class=\"wp-image-285\" srcset=\"https:\/\/antje-buell.de\/wp-content\/uploads\/2025\/03\/schoko1-2.jpg 1166w, https:\/\/antje-buell.de\/wp-content\/uploads\/2025\/03\/schoko1-2-300x167.jpg 300w, https:\/\/antje-buell.de\/wp-content\/uploads\/2025\/03\/schoko1-2-1024x572.jpg 1024w, https:\/\/antje-buell.de\/wp-content\/uploads\/2025\/03\/schoko1-2-768x429.jpg 768w, https:\/\/antje-buell.de\/wp-content\/uploads\/2025\/03\/schoko1-2-107x60.jpg 107w\" sizes=\"auto, (max-width: 1166px) 100vw, 1166px\" \/><\/a><figcaption class=\"wp-element-caption\"><a href=\"https:\/\/www.youtube.com\/watch?v=gmn-soWuT-I\">Wem geh\u00f6rt die Schokolade? | Elfenbeink\u00fcste, 2023<\/a><\/figcaption><\/figure>\n<\/div>\n\n\n\n<div class=\"wp-block-column is-layout-flow wp-block-column-is-layout-flow\"><\/div>\n<\/div>\n\n\n\n<p><\/p>\n","protected":false},"excerpt":{"rendered":"<p>Beitr\u00e4ge mit Gewicht In meinen Dokumentationen und Reportagen berichte ich \u00fcber Hintergr\u00fcnde und gesellschaftlich relevante Themen.&nbsp; Mein Anliegen ist es, nicht zu polarisieren, sondern aufzuzeigen, &hellip; <\/p>\n","protected":false},"author":1,"featured_media":0,"parent":0,"menu_order":0,"comment_status":"closed","ping_status":"closed","template":"","meta":{"footnotes":""},"class_list":["post-149","page","type-page","status-publish","hentry"],"_links":{"self":[{"href":"https:\/\/antje-buell.de\/index.php?rest_route=\/wp\/v2\/pages\/149","targetHints":{"allow":["GET"]}}],"collection":[{"href":"https:\/\/antje-buell.de\/index.php?rest_route=\/wp\/v2\/pages"}],"about":[{"href":"https:\/\/antje-buell.de\/index.php?rest_route=\/wp\/v2\/types\/page"}],"author":[{"embeddable":true,"href":"https:\/\/antje-buell.de\/index.php?rest_route=\/wp\/v2\/users\/1"}],"replies":[{"embeddable":true,"href":"https:\/\/antje-buell.de\/index.php?rest_route=%2Fwp%2Fv2%2Fcomments&post=149"}],"version-history":[{"count":19,"href":"https:\/\/antje-buell.de\/index.php?rest_route=\/wp\/v2\/pages\/149\/revisions"}],"predecessor-version":[{"id":292,"href":"https:\/\/antje-buell.de\/index.php?rest_route=\/wp\/v2\/pages\/149\/revisions\/292"}],"wp:attachment":[{"href":"https:\/\/antje-buell.de\/index.php?rest_route=%2Fwp%2Fv2%2Fmedia&parent=149"}],"curies":[{"name":"wp","href":"https:\/\/api.w.org\/{rel}","templated":true}]}}