{"id":255,"date":"2024-04-16T21:50:18","date_gmt":"2024-04-16T20:50:18","guid":{"rendered":"https:\/\/antje-buell.de\/?page_id=255"},"modified":"2026-01-11T11:15:27","modified_gmt":"2026-01-11T10:15:27","slug":"lebenslauf","status":"publish","type":"page","link":"https:\/\/antje-buell.de\/?page_id=255","title":{"rendered":"Lebenslauf"},"content":{"rendered":"\n<figure class=\"wp-block-image size-large is-resized\"><img loading=\"lazy\" decoding=\"async\" width=\"1024\" height=\"331\" src=\"https:\/\/antje-buell.de\/wp-content\/uploads\/2024\/04\/Header-Lebenslauf-1024x331.jpg\" alt=\"\" class=\"wp-image-256\" style=\"width:1036px;height:auto\" srcset=\"https:\/\/antje-buell.de\/wp-content\/uploads\/2024\/04\/Header-Lebenslauf-1024x331.jpg 1024w, https:\/\/antje-buell.de\/wp-content\/uploads\/2024\/04\/Header-Lebenslauf-300x97.jpg 300w, https:\/\/antje-buell.de\/wp-content\/uploads\/2024\/04\/Header-Lebenslauf-768x248.jpg 768w, https:\/\/antje-buell.de\/wp-content\/uploads\/2024\/04\/Header-Lebenslauf-1536x496.jpg 1536w, https:\/\/antje-buell.de\/wp-content\/uploads\/2024\/04\/Header-Lebenslauf-186x60.jpg 186w, https:\/\/antje-buell.de\/wp-content\/uploads\/2024\/04\/Header-Lebenslauf.jpg 1920w\" sizes=\"auto, (max-width: 1024px) 100vw, 1024px\" \/><\/figure>\n\n\n\n<ul class=\"wp-block-list\">\n<li><strong>Seit 2000 Fernseh-Regisseurin\/-Autorin f\u00fcr ARD, ZDF, NDR, WDR, Arte in Hamburg<\/strong> Reportagen, Dokumentationen mit Schwerpunkt Medizin, Gesellschaft<\/li>\n<\/ul>\n\n\n\n<ul class=\"wp-block-list\">\n<li><strong>2012 &#8211; 2018 Kinderhilfsorganisation Plan International <\/strong>\u2013 Filmproduzentin f\u00fcr Internationale Projekte<\/li>\n<\/ul>\n\n\n\n<ul class=\"wp-block-list\">\n<li><strong>Seit 2019 Eigene Dokumentar-Filmprojekte Regie und Kamera<\/strong><\/li>\n<\/ul>\n\n\n\n<ul class=\"wp-block-list\">\n<li><strong>2000 &#8211; 2019 Fernseh-Autorin, NDR Medizin-Magazin \u201eVisite\u201c<\/strong><\/li>\n<\/ul>\n\n\n\n<ul class=\"wp-block-list\">\n<li><strong>1994 &#8211; 2000 WDR Fernsehen<\/strong> <strong>K\u00f6ln\/D\u00fcsseldorf<\/strong> \u2013 Fernsehautorin, Schwerpunkt Wissenschaft<\/li>\n<\/ul>\n\n\n\n<ul class=\"wp-block-list\">\n<li><strong>1992 &#8211; 1994 WDR Studio Dortmund<\/strong> \u2013 <strong>H\u00f6rfunk<\/strong>:&nbsp; Aktuelles, Moderation, Konzeptionelle Erarbeitung einer Jugendsendung<\/li>\n<\/ul>\n\n\n\n<ul class=\"wp-block-list\">\n<li><strong>1990 &#8211; 1992 Berliner Zeitung<\/strong> \u2013 Redakteurin: Schwerpunkt Reportage, In- und Ausland<\/li>\n<\/ul>\n\n\n\n<ul class=\"wp-block-list\">\n<li><strong>1986 &#8211; 1989 New York<\/strong>, <strong>USA &#8211;<\/strong> Die Welt, Springerauslandsdienst<\/li>\n<\/ul>\n\n\n\n<ul class=\"wp-block-list\">\n<li><strong>1985 &#8211; 1986 Ruhr-Nachrichten Dortmund<\/strong> \u2013 Lokalredakteurin, Volontariat<\/li>\n<\/ul>\n\n\n\n<ul class=\"wp-block-list\">\n<li><strong>Preise<\/strong>: Internationaler Journalistenpreis der Europ\u00e4ischen Hautkrebsstiftung, Medienpreis der Deutschen Vereinigung Morbus Bechterew, Journalistenpreis Pro Retina e.V., Film- und Fernsehpreis des Hartmann-Bundes <\/li>\n<\/ul>\n\n\n\n<ul class=\"wp-block-list\">\n<li><strong>Internationale Produktionen: <\/strong>Produktionen mehrerer PR-Filme f\u00fcr die Kinderhilfsorganisation Plan International in \u00c4thiopien und Kenia \u00fcber mehrere Monate. Weitere Produktionsorte: Kolumbien, Guatemala, Philippinen, Brasilien, Ecuador, Togo\/Benin<\/li>\n<\/ul>\n\n\n\n<ul class=\"wp-block-list\">\n<li><strong>Sonstiges:<\/strong> VJ-Ausbildung, Produktion eigener Filme zum Themenschwerpunkt Entwicklungshilfe, Konzeption mehrerer Sendeformate f\u00fcr Fernsehen und H\u00f6rfunk (Piloten und Umsetzung), Redaktionelle Mitarbeit in der Entwicklungs-Redaktion von Gruner&amp; Jahr, Organisation und Betreuung von Live-Sendungen, Dozentin f\u00fcr Fortbildung \u201eredaktionelle Arbeit in Pressestellen\u201c<\/li>\n<\/ul>\n","protected":false},"excerpt":{"rendered":"","protected":false},"author":1,"featured_media":0,"parent":0,"menu_order":0,"comment_status":"closed","ping_status":"closed","template":"","meta":{"footnotes":""},"class_list":["post-255","page","type-page","status-publish","hentry"],"_links":{"self":[{"href":"https:\/\/antje-buell.de\/index.php?rest_route=\/wp\/v2\/pages\/255","targetHints":{"allow":["GET"]}}],"collection":[{"href":"https:\/\/antje-buell.de\/index.php?rest_route=\/wp\/v2\/pages"}],"about":[{"href":"https:\/\/antje-buell.de\/index.php?rest_route=\/wp\/v2\/types\/page"}],"author":[{"embeddable":true,"href":"https:\/\/antje-buell.de\/index.php?rest_route=\/wp\/v2\/users\/1"}],"replies":[{"embeddable":true,"href":"https:\/\/antje-buell.de\/index.php?rest_route=%2Fwp%2Fv2%2Fcomments&post=255"}],"version-history":[{"count":4,"href":"https:\/\/antje-buell.de\/index.php?rest_route=\/wp\/v2\/pages\/255\/revisions"}],"predecessor-version":[{"id":316,"href":"https:\/\/antje-buell.de\/index.php?rest_route=\/wp\/v2\/pages\/255\/revisions\/316"}],"wp:attachment":[{"href":"https:\/\/antje-buell.de\/index.php?rest_route=%2Fwp%2Fv2%2Fmedia&parent=255"}],"curies":[{"name":"wp","href":"https:\/\/api.w.org\/{rel}","templated":true}]}}